{"id":14,"date":"2022-05-11T10:26:02","date_gmt":"2022-05-11T10:26:02","guid":{"rendered":"https:\/\/proservices.hu\/?page_id=14"},"modified":"2025-11-27T16:36:17","modified_gmt":"2025-11-27T16:36:17","slug":"home","status":"publish","type":"page","link":"https:\/\/proservices.hu\/","title":{"rendered":"Home"},"content":{"rendered":"\t\t<div data-elementor-type=\"wp-page\" data-elementor-id=\"14\" class=\"elementor elementor-14\">\n\t\t\t\t<div class=\"elementor-element elementor-element-2bbcf6fe e-flex e-con-boxed e-con e-parent\" data-id=\"2bbcf6fe\" data-element_type=\"container\">\n\t\t\t\t\t<div class=\"e-con-inner\">\n\t\t\t\t<div class=\"elementor-element elementor-element-787224b7 elementor-widget elementor-widget-text-editor\" data-id=\"787224b7\" data-element_type=\"widget\" data-widget_type=\"text-editor.default\">\n\t\t\t\t\t\t\t\t\t\n<div class=\"wp-block-cover alignfull is-light hestia-clear-top-padding\"><span aria-hidden=\"true\" class=\"wp-block-cover__background has-white-background-color has-background-dim-100 has-background-dim\"><\/span>\n<div class=\"wp-block-cover__inner-container is-layout-flow wp-block-cover-is-layout-flow\"><div class=\"wp-block-image\">\n<figure class=\"aligncenter size-full\"><a href=\"https:\/\/www.arrow.com\/globalecs\/hu\/arrow-channel-advisor\/ibm-power11\/\"><img fetchpriority=\"high\" decoding=\"async\" src=\"https:\/\/proservices.hu\/wp-content\/uploads\/2025\/11\/cropped-IBM-Power_11_banner-2-300x214.png\" alt=\"\" class=\"aligncenter wp-image-152 size-medium\" width=\"300\" height=\"214\" srcset=\"https:\/\/proservices.hu\/wp-content\/uploads\/2025\/11\/cropped-IBM-Power_11_banner-2-300x214.png 300w, https:\/\/proservices.hu\/wp-content\/uploads\/2025\/11\/cropped-IBM-Power_11_banner-2-600x429.png 600w, https:\/\/proservices.hu\/wp-content\/uploads\/2025\/11\/cropped-IBM-Power_11_banner-2.png 680w\" sizes=\"(max-width: 300px) 100vw, 300px\" \/><\/a><\/figure>\n<\/div>\n<p><\/p>\n\n<h2 class=\"wp-block-heading has-text-align-center has-text-color\" style=\"color: #3c4858;\">R\u00f3lunk<\/h2>\n\n<p>A Proservices Kft. 100%-ban magyar tulajdon\u00fa kereskedelmi \u00e9s szolg\u00e1ltat\u00f3 c\u00e9g. Tev\u00e9kenys\u00e9g\u00fcnk k\u00e9tir\u00e1ny\u00fa. Az egyik f\u0151 tev\u00e9kenys\u00e9g\u00fcnk sz\u00e1m\u00edt\u00e1stechnikai szolg\u00e1ltat\u00e1s \u00e9s kereskedelem. Szolg\u00e1ltat\u00e1si k\u00f6r\u00fcnk fel\u00f6leli az informatikai rendszerek teljes megval\u00f3s\u00edt\u00e1s\u00e1hoz sz\u00fcks\u00e9ges feladatok palett\u00e1j\u00e1t. Az informatikai infrastrukt\u00fara kialak\u00edt\u00e1sa sor\u00e1n tov\u00e1bbra is az \u00fcgyfeleink ig\u00e9nyeinek hat\u00e9kony, minden szinten megfelel\u0151 kiel\u00e9g\u00edt\u00e9s\u00e9re t\u00f6reksz\u00fcnk, a piaci ig\u00e9nyek \u00e9s lehet\u0151s\u00e9gek maxim\u00e1lis figyelembev\u00e9tel. Ennek megfelel\u0151en a mindig sz\u00fcks\u00e9ges ig\u00e9nyfelm\u00e9r\u00e9st k\u00f6vet\u0151en, a t\u00f6bb \u00e9ves tapasztalat, \u00e9s munkat\u00e1rsaink szakmai ismeretei alapj\u00e1n az adott k\u00f6r\u00fclm\u00e9nyeknek megfelel\u0151, hat\u00e9kony, piacvezet\u0151 technol\u00f3gi\u00e1kat alkalmazunk. A megval\u00f3s\u00edt\u00e1s sor\u00e1n a tervez\u00e9ssel, dokument\u00e1l\u00e1ssal kapcsolatos feladatokat is elv\u00e9gezz\u00fck, illetve ig\u00e9ny eset\u00e9n min\u0151s\u00e9gbiztos\u00edt\u00e1si jelleggel szak\u00e9rt\u0151ink fel\u00fcgyelik \u00e9s min\u0151s\u00edtik a feladatok megfelel\u0151 szint\u0171 elv\u00e9gz\u00e9s\u00e9t. Eg\u00e9szen kis \u2013 n\u00e9h\u00e1ny f\u0151s \u2013 c\u00e9gekt\u0151l a kiterjedt informatikai infrastrukt\u00far\u00e1t haszn\u00e1l\u00f3 nagyv\u00e1llalatokig ny\u00fajtunk k\u00f6lts\u00e9ghat\u00e9kony, biztons\u00e1gos, katasztr\u00f3fabiztos \u00e9s tartal\u00e9kokkal is rendelkez\u0151, el\u0151remutat\u00f3 megold\u00e1sokat. Ezen t\u00fal disztrib\u00fatori kapcsolatainkon kereszt\u00fcl biztos\u00edtani tudjuk partnereinknek az IT rendszerek, infrastrukt\u00far\u00e1k ki\u00e9p\u00edt\u00e9s\u00e9hez sz\u00fcks\u00e9ges eszk\u00f6z\u00f6k, valamint kisebb informatikai berendez\u00e9sek vagy r\u00e9szegys\u00e9gek beszerz\u00e9s\u00e9t, \u00fczembe helyez\u00e9s\u00e9t. V\u00e1llaljuk ak\u00e1r desktop eszk\u00f6z\u00f6k konkr\u00e9t \u00f6ssze\u00e1ll\u00edt\u00e1s\u00e1t, \u00fczembe helyez\u00e9s\u00e9t.<\/p>\n\n<div style=\"height: 40px;\" aria-hidden=\"true\" class=\"wp-block-spacer\"><\/div>\n\n<div class=\"wp-block-columns container is-layout-flex wp-container-core-columns-is-layout-28f84493 wp-block-columns-is-layout-flex\">\n<div class=\"wp-block-column is-layout-flow wp-block-column-is-layout-flow\">\n<h5 class=\"wp-block-heading has-text-align-center has-text-color\" style=\"color: #3c4858; font-size: 18px;\">Virtualiz\u00e1ci\u00f3<\/h5>\n\n<p class=\"has-text-align-center has-text-color\" style=\"color: #999999; font-size: 14px;\">Fontosnak tartjuk, hogy az \u00fcgyfeleink mindig a lehet\u0151 leghat\u00e9konyabb m\u00f3don haszn\u00e1lj\u00e1k ki informatikai er\u0151forr\u00e1saikat. Ma m\u00e1r nem tartoznak a j\u00f3 megold\u00e1sok k\u00f6z\u00e9 az egy alkalmaz\u00e1s egy szerver modellek. \u00c9ppen ez\u00e9rt k\u00f6telezt\u00fck el magunkat a virtualiz\u00e1ci\u00f3 mellett. Ma m\u00e1r a virtualiz\u00e1ci\u00f3 nem var\u00e1zslat, \u00e9s nem csak a kiterjedt IT infrastrukt\u00far\u00e1t m\u0171k\u00f6dtet\u0151 c\u00e9gek privil\u00e9giuma. Mindenki sz\u00e1m\u00e1ra el\u00e9rhet\u0151 \u00e9s a legbiztosabb m\u00f3dja, hogy ak\u00e1r a megl\u00e9v\u0151 informatikai rendszer\u00fcnk er\u0151forr\u00e1sait rugalmasan, az aktu\u00e1lis ig\u00e9nyeknek megfelel\u0151en, a leghat\u00e9konyabban tudjuk kihaszn\u00e1lni. \u00daj rendszerek ki\u00e9p\u00edt\u00e9se vagy a r\u00e9gi rendszerek fejleszt\u00e9se, b\u0151v\u00edt\u00e9se vagy teljes kiv\u00e1lt\u00e1sa eset\u00e9n pedig szinte kiker\u00fclhetetlen, ha megb\u00edzhat\u00f3 \u00e9s k\u00f6lts\u00e9ghat\u00e9konyt IT rendszert akarunk l\u00e9trehozni. R\u00e1ad\u00e1sul ma m\u00e1r nem csak a szerver oldalon hasznos a virtualiz\u00e1ci\u00f3, hanem a virtualiz\u00e1ci\u00f3s lehet\u0151s\u00e9gek a desktop oldalon is \u00faj megold\u00e1sok hoztak.<\/p>\n\n<div style=\"height: 25px;\" aria-hidden=\"true\" class=\"wp-block-spacer\"><\/div>\n<\/div>\n\n<div class=\"wp-block-column is-layout-flow wp-block-column-is-layout-flow\">\n<h5 class=\"wp-block-heading has-text-align-center has-text-color\" style=\"color: #3c4858; font-size: 18px;\">IT Biztons\u00e1g<\/h5>\n\n<p class=\"has-text-align-center has-text-color\" style=\"color: #999999; font-size: 14px;\">Az informatikai biztons\u00e1gnak t\u00f6bbf\u00e9le megk\u00f6zel\u00edt\u00e9se lehets\u00e9ges. Ez\u00e9rt a teljess\u00e9g ig\u00e9nye n\u00e9lk\u00fcl felsoroln\u00e1nk azokat a t\u00e9m\u00e1kat, amelyekkel ebben a t\u00e9mak\u00f6rben foglalkoztunk:<\/p>\n\n<ul style=\"color: #8e8e8e; font-size: 14px;\" class=\"wp-block-list has-text-color\">\n<li>Napl\u00f3 elemz\u0151 rendszer<\/li>\n\n<li>Merevlemez titkos\u00edt\u00e1s<\/li>\n\n<li>IDS be\u00fczemel\u00e9s<\/li>\n\n<li>F\u00e1jlszerver titkos\u00edt\u00e1s<\/li>\n\n<li>Adatsziv\u00e1rg\u00e1s elleni v\u00e9delem (DLP)<\/li>\n\n<li>Ment\u00e9si \u00e9s archiv\u00e1l\u00e1si rendszerek tervez\u00e9se-kivitelez\u00e9se<\/li>\n\n<li>Telephely biztos\u00edt\u00e1s, IT infrastrukt\u00fara \u00e1thelyez\u00e9se datacenterbe<\/li>\n<\/ul>\n\n<div style=\"height: 25px;\" aria-hidden=\"true\" class=\"wp-block-spacer\"><\/div>\n<\/div>\n\n<div class=\"wp-block-column is-layout-flow wp-block-column-is-layout-flow\">\n<h5 class=\"wp-block-heading has-text-align-center has-text-color\" style=\"color: #3c4858; font-size: 18px;\">Konzult\u00e1ci\u00f3<\/h5>\n\n<p class=\"has-text-align-center has-text-color\" style=\"color: #999999; font-size: 14px;\">Szakembereink az al\u00e1bbi ter\u00fcleteken biztos\u00edtanak konzult\u00e1ci\u00f3s t\u00e1mogat\u00e1st partnereinknek:<\/p>\n\n<p class=\"has-text-color\" style=\"color: #8e8e8e; font-size: 14px;\">IT infrastrukt\u00fara konzult\u00e1ci\u00f3<\/p>\n\n<ul style=\"color: #8e8e8e; font-size: 14px;\" class=\"wp-block-list has-text-color\">\n<li>Tanulm\u00e1nyok k\u00e9sz\u00edt\u00e9se (esettanulm\u00e1nyok, megval\u00f3s\u00edthat\u00f3s\u00e1gi tanulm\u00e1nyok)<\/li>\n\n<li>Tan\u00e1csad\u00e1s (t\u0171zfal, v\u00edrus- \u00e9s spamv\u00e9delem, szerver hosting, h\u00e1l\u00f3zat kialak\u00edt\u00e1s- \u00e9s<\/li>\n\n<li>v\u00e9delem)<\/li>\n\n<li>F\u00fcggetlen szak\u00e9rt\u0151i v\u00e9lem\u00e9ny, gy\u00e1rt\u00f3k term\u00e9keinek \u00f6sszehasonl\u00edt\u00e1sa<\/li>\n\n<li>Rendszerszervez\u00e9s, szaktan\u00e1csad\u00e1s<\/li>\n\n<li>VMware (stressz-teszt, VI Health Check)<\/li>\n\n<li>Rendszertervez\u00e9s (ment\u00e9si rendszer, hibat\u0171r\u0151 magas rendelkez\u00e9sre \u00e1ll\u00e1s\u00fa rendszerek)<\/li>\n<\/ul>\n\n<p class=\"has-text-color\" style=\"color: #8e8e8e; font-size: 14px;\">IT biztons\u00e1gi konzult\u00e1ci\u00f3<\/p>\n\n<ul style=\"color: #8e8e8e; font-size: 14px;\" class=\"wp-block-list has-text-color\">\n<li>V\u00e1llalati\/szervezeti IT szab\u00e1lyzatrendszer megalkot\u00e1sa, fel\u00fclvizsg\u00e1lat<\/li>\n\n<li>Szab\u00e1lyzatk\u00e9sz\u00edt\u00e9s<\/li>\n\n<li>Informatikai Biztons\u00e1gi Politika, Szab\u00e1lyzat, Strat\u00e9gia<\/li>\n\n<li>\u00dczletfolytonoss\u00e1gi- \u00e9s Katasztr\u00f3fa elh\u00e1r\u00edt\u00e1si terv elk\u00e9sz\u00edt\u00e9se (BCP\/DRP)<\/li>\n\n<li>\u00dczletfolytonoss\u00e1gi- \u00e9s Katasztr\u00f3fa elh\u00e1r\u00edt\u00e1si terv gyakorlat<\/li>\n\n<li>Tan\u00e1csad\u00e1s<\/li>\n\n<li>IT Biztons\u00e1gi rendszerek \u00e9s v\u00e9delmi int\u00e9zked\u00e9sek kidolgoz\u00e1sa<\/li>\n\n<li>Titkos\u00edt\u00e1s (HDD, DLP, PKI)<\/li>\n\n<li>Etikus biztons\u00e1gi vizsg\u00e1lat<\/li>\n\n<li>Social Engineering<\/li>\n\n<li>Informatikai infrastrukt\u00fara biztons\u00e1gi vizsg\u00e1lat<\/li>\n\n<li>Komplett biztons\u00e1gi audit \u00e9s sebezhet\u0151s\u00e9gi teszt<\/li>\n\n<li>Kock\u00e1zat elemz\u00e9s<\/li>\n\n<li>IT Biztons\u00e1gi oktat\u00e1s<\/li>\n\n<li>M\u0171szaki min\u0151s\u00e9gbiztos\u00edt\u00e1s<\/li>\n<\/ul>\n\n<div style=\"height: 25px;\" aria-hidden=\"true\" class=\"wp-block-spacer\"><\/div>\n<\/div>\n<\/div>\n<\/div>\n<\/div>\n\n<div class=\"wp-block-columns container is-layout-flex wp-container-core-columns-is-layout-28f84493 wp-block-columns-is-layout-flex\">\n<div class=\"wp-block-column col-md-5 is-layout-flow wp-block-column-is-layout-flow\">\n<h2 class=\"wp-block-heading\">Partnereink<\/h2>\n\n<figure class=\"wp-block-image size-large\"><img decoding=\"async\" width=\"1024\" height=\"357\" src=\"https:\/\/proservices.hu\/wp-content\/uploads\/2022\/05\/partnerek-1024x357.png\" alt=\"\" class=\"wp-image-119\" srcset=\"https:\/\/proservices.hu\/wp-content\/uploads\/2022\/05\/partnerek-1024x357.png 1024w, https:\/\/proservices.hu\/wp-content\/uploads\/2022\/05\/partnerek-300x105.png 300w, https:\/\/proservices.hu\/wp-content\/uploads\/2022\/05\/partnerek-768x268.png 768w, https:\/\/proservices.hu\/wp-content\/uploads\/2022\/05\/partnerek-1536x535.png 1536w, https:\/\/proservices.hu\/wp-content\/uploads\/2022\/05\/partnerek-600x209.png 600w, https:\/\/proservices.hu\/wp-content\/uploads\/2022\/05\/partnerek.png 1840w\" sizes=\"(max-width: 1024px) 100vw, 1024px\" \/><\/figure>\n<\/div>\n<\/div>\n\n<p><\/p>\n\t\t\t\t\t\t\t\t<\/div>\n\t\t\t\t\t<\/div>\n\t\t\t\t<\/div>\n\t\t\t\t<\/div>\n\t\t","protected":false},"excerpt":{"rendered":"<p>Partnereink<\/p>\n","protected":false},"author":1,"featured_media":122,"parent":0,"menu_order":0,"comment_status":"closed","ping_status":"closed","template":"","meta":{"_themeisle_gutenberg_block_has_review":false,"footnotes":""},"class_list":["post-14","page","type-page","status-publish","has-post-thumbnail","hentry"],"jetpack_sharing_enabled":true,"_links":{"self":[{"href":"https:\/\/proservices.hu\/index.php?rest_route=\/wp\/v2\/pages\/14","targetHints":{"allow":["GET"]}}],"collection":[{"href":"https:\/\/proservices.hu\/index.php?rest_route=\/wp\/v2\/pages"}],"about":[{"href":"https:\/\/proservices.hu\/index.php?rest_route=\/wp\/v2\/types\/page"}],"author":[{"embeddable":true,"href":"https:\/\/proservices.hu\/index.php?rest_route=\/wp\/v2\/users\/1"}],"replies":[{"embeddable":true,"href":"https:\/\/proservices.hu\/index.php?rest_route=%2Fwp%2Fv2%2Fcomments&post=14"}],"version-history":[{"count":21,"href":"https:\/\/proservices.hu\/index.php?rest_route=\/wp\/v2\/pages\/14\/revisions"}],"predecessor-version":[{"id":174,"href":"https:\/\/proservices.hu\/index.php?rest_route=\/wp\/v2\/pages\/14\/revisions\/174"}],"wp:featuredmedia":[{"embeddable":true,"href":"https:\/\/proservices.hu\/index.php?rest_route=\/wp\/v2\/media\/122"}],"wp:attachment":[{"href":"https:\/\/proservices.hu\/index.php?rest_route=%2Fwp%2Fv2%2Fmedia&parent=14"}],"curies":[{"name":"wp","href":"https:\/\/api.w.org\/{rel}","templated":true}]}}